{"id":1571,"date":"2019-05-05T17:15:29","date_gmt":"2019-05-05T15:15:29","guid":{"rendered":"http:\/\/www.pressindustria.it\/?page_id=1571"},"modified":"2021-05-04T12:52:09","modified_gmt":"2021-05-04T10:52:09","slug":"turboemulsori","status":"publish","type":"page","link":"https:\/\/www.pressindustria.it\/?page_id=1571","title":{"rendered":"Turboemulsori"},"content":{"rendered":"<p>[vc_row css=&#8221;.vc_custom_1568822573712{background-image: url(http:\/\/www.pressindustria.it\/wp-content\/uploads\/2019\/09\/ingra-1.png?id=1743) !important;background-position: center !important;background-repeat: no-repeat !important;background-size: cover !important;}&#8221; kswr_row_top_decor_enabled=&#8221;false&#8221; kswr_row_bottom_decor_enabled=&#8221;false&#8221;][vc_column][vc_empty_space height=&#8221;232px&#8221;][\/vc_column][\/vc_row][vc_row][vc_column][vc_column_text]<\/p>\n<h3><strong>TURBOEMULSORI<\/strong><\/h3>\n<p>[\/vc_column_text][vc_column_text]<strong>Turboemulsionatori TE3<\/strong> sono stati progettati per soddisfare esigenze specifiche delle industrie cosmetiche, farmaceutiche e chimiche e permettono di ottenere prodotti di eccellente qualit\u00e0 e riproducibilit\u00e0, riducendo i costi operativi. Il serbatoio \u00e8 progettato per lavorare in condizioni atmosferiche standard, sotto pressione o sotto vuoto completo.<\/p>\n<p>Il sistema di miscelazione \u00e8 completamente supportato da alberi coassiali che azionano contemporaneamente i tre sistemi di miscelazione.<\/p>\n<p>Il progetto del serbatoio per applicazioni farmaceutiche \u00e8 conforme alle norme GMP.<\/p>\n<p>Con il sistema<strong> TE3<\/strong> possono essere ottenuti i seguenti prodotti: latti detergenti cosmetici, emulsioni, creme, gel, unguenti farmaceutici, make\u00adup, mascara, rossetti, dentifrici, creme da barba, sospensioni, condimenti per insalata, adesivi, colla, grassi.<\/p>\n<p><strong>Descrizione tecnica:<\/strong><\/p>\n<p><strong><em>Sistema di ancoraggio miscelatore &#8211; <\/em><\/strong>\u00c8 costituito da lame inox e PTFE con raschiatori per fornire un&#8217; agitazione efficiente della massa e una rimozione continua del prodotto da tutta la superficie interna del serbatoio. I raschiatori girevoli sono spinti verso la parete del vaso solo dalla forza centrifuga, migliorando l&#8217;efficienza di scambio termico tra la superficie riscaldata \/ raffreddata e il prodotto<\/p>\n<p><strong><em>Lame contro rotanti <\/em><\/strong>&#8211; Poste all&#8217;interno del ancoraggio, ruotano in senso opposto, creando all&#8217;interno della massa una serie di flussi contrastanti: il passo delle pale genera un flusso verso il basso che assicura una miscelazione efficace e impedisce stratificazioni. L&#8217;angolo di inclinazione delle pale, essenziale per una efficace interazione tra lame rotanti in direzioni opposte, \u00e8 stato ottimizzato nelle diverse dimensioni di TE3 turboemulsionatori.<\/p>\n<p><strong><em>Turbina di Omogeneizzazione <\/em><\/strong>&#8211; \u00c8 costituita da un rotore ed uno statore dentato. La turbina, avendo grande diametro con prese aspiranti grandi in alto e in fondo, permette un grande flusso di prodotto attraverso la girante che, combinata con l&#8217;effetto tranciatura, permette un veloce ed efficiente omogeneizzazione. Inoltre, la velocit\u00e0 di rotazione relativamente bassa, previene cavitazioni e, conseguentemente, il surriscaldamento del prodotto. Pu\u00f2 essere ottenuta opzionalmente un&#8217;omogeneizza-zione dei prodotti con viscosit\u00e0 fino a 500.000 cps.[\/vc_column_text][\/vc_column][\/vc_row][vc_row bg_type=&#8221;bg_color&#8221; seperator_enable=&#8221;seperator_enable_value&#8221; seperator_type=&#8221;xlarge_circle_seperator&#8221; seperator_position=&#8221;bottom_seperator&#8221; seperator_shape_background=&#8221;#0066bf&#8221; kswr_row_top_decor_enabled=&#8221;false&#8221; kswr_row_bottom_decor_enabled=&#8221;false&#8221;][vc_column width=&#8221;2\/3&#8243;][vc_gallery type=&#8221;image_grid&#8221; images=&#8221;2069,2070,2071,2072&#8243; img_size=&#8221;medium&#8221;][\/vc_column][vc_column width=&#8221;1\/3&#8243;]<div id=\"modal-trg-txt-wrap-2087\" class=\"ult-modal-input-wrapper ult-adjust-bottom-margin    \" data-keypress-control=\"keypress-control-enable\" data-overlay-control=\"overlay-control-enable\"><style>\n\t\t\t\t\t.btn-modal.btn-id-69f1a6b35c5fd7-93313494:hover {\n\t\t\t\t\t\tbackground-color: #0066bf !important;\n\t\t\t\t\t}\n\t\t\t\t\t<\/style><button  data-ultimate-target='#modal-trg-txt-wrap-2087 .btn-modal'  data-responsive-json-new='{\"font-size\":\"\",\"line-height\":\"\"}'  style=\"background:#268cf2;border-color:#268cf2;color:#ffffff; \" data-class-id=\"content-69f1a6b35c5fd7-93313494\" class=\"btn-modal ult-responsive btn-primary btn-modal-block overlay-show ult-align-center btn-id-69f1a6b35c5fd7-93313494\" data-overlay-class=\"overlay-cornerbottomleft\">SCHEDA TECNICA<\/button><\/div>\n<div class=\"ult-overlay content-69f1a6b35c5fd7-93313494 \" data-class=\"content-69f1a6b35c5fd7-93313494\" id=\"button-click-overlay\" style=\"background:rgba(51,51,51,0.8); display:none;\">\n\t<div class=\"ult_modal ult-fade ult-medium\">\n\t\t<div id=\"ult-modal-wrap-4995\" class=\"ult_modal-content ult-hide\" style=\"border-style:solid;border-width:2px;border-radius:0px;border-color:#333333;\">\n\t\t\t<div  data-ultimate-target='#ult-modal-wrap-4995 .ult_modal-body'  data-responsive-json-new='{\"font-size\":\"\",\"line-height\":\"\"}'  class=\"ult_modal-body ult-responsive ult-html\" style=\"\">\n\t\t\t<img loading=\"lazy\" decoding=\"async\" class=\"alignnone wp-image-2087 size-full\" src=\"https:\/\/www.pressindustria.it\/wp-content\/uploads\/2021\/05\/ELLITTICO.jpg\" alt=\"\" width=\"1162\" height=\"914\" srcset=\"https:\/\/www.pressindustria.it\/wp-content\/uploads\/2021\/05\/ELLITTICO.jpg 1162w, https:\/\/www.pressindustria.it\/wp-content\/uploads\/2021\/05\/ELLITTICO-768x604.jpg 768w\" sizes=\"auto, (max-width: 1162px) 100vw, 1162px\" \/><img loading=\"lazy\" decoding=\"async\" class=\"alignnone wp-image-2088 size-full\" src=\"https:\/\/www.pressindustria.it\/wp-content\/uploads\/2021\/05\/SFERICO.jpg\" alt=\"\" width=\"1163\" height=\"910\" srcset=\"https:\/\/www.pressindustria.it\/wp-content\/uploads\/2021\/05\/SFERICO.jpg 1163w, https:\/\/www.pressindustria.it\/wp-content\/uploads\/2021\/05\/SFERICO-768x600.jpg 768w\" sizes=\"auto, (max-width: 1163px) 100vw, 1163px\" \/>\n\t\t\t<\/div>\n\t<\/div>\n\t<\/div>\n\t<div class=\"ult-overlay-close top-right\" style=\"width:80px;height:80px; \"><div class=\"ult-overlay-close-inside\">Close<\/div><\/div>\n<\/div>[vc_row_inner][vc_column_inner][vc_column_text]<\/p>\n<h3><strong>Versioni<\/strong><\/h3>\n<p>TE3-250lt<\/p>\n<p>TE3-500lt<\/p>\n<p>TE3-1000lt<\/p>\n<p>TE3-2000lt<\/p>\n<p>TE3-3000lt<\/p>\n<p>TE3-4000lt[\/vc_column_text][\/vc_column_inner][\/vc_row_inner][vc_row_inner][vc_column_inner css=&#8221;.vc_custom_1620125504001{background-color: #ededed !important;}&#8221;]<div class=\" ubtn-ctn-center \"><a class=\"ubtn-link ult-adjust-bottom-margin ubtn-center ubtn-custom \" href=\"https:\/\/www.pressindustria.it\/?page_id=1913\" title=\"DISSOLUTORI\" ><button type=\"button\" id=\"ubtn-5400\"  class=\"ubtn ult-adjust-bottom-margin ult-responsive ubtn-custom ubtn-fade-bg  ulta-grow  ubtn-center   tooltip-69f1a6b35c8be\"  data-hover=\"\" data-border-color=\"\" data-bg=\"#1e73be\" data-hover-bg=\"\" data-border-hover=\"\" data-shadow-hover=\"\" data-shadow-click=\"none\" data-shadow=\"\" data-shd-shadow=\"\"  data-ultimate-target='#ubtn-5400'  data-responsive-json-new='{\"font-size\":\"\",\"line-height\":\"\"}'  style=\"font-weight:normal;width:200px;min-height:40px;padding:px px;border:none;background: #1e73be;color: #ffffff;\"><span class=\"ubtn-hover\" style=\"background-color:\"><\/span><span class=\"ubtn-data ubtn-text \" >DISSOLUTORE<\/span><\/button><\/a><\/div><div class=\" ubtn-ctn-center \"><a class=\"ubtn-link ult-adjust-bottom-margin ubtn-center ubtn-custom \" href=\"https:\/\/www.pressindustria.it\/?page_id=1941\" title=\"FUSORI\" ><button type=\"button\" id=\"ubtn-3964\"  class=\"ubtn ult-adjust-bottom-margin ult-responsive ubtn-custom ubtn-no-hover-bg  none  ubtn-center   tooltip-69f1a6b35c9dd\"  data-hover=\"\" data-border-color=\"\" data-bg=\"#1e73be\" data-hover-bg=\"\" data-border-hover=\"\" data-shadow-hover=\"\" data-shadow-click=\"none\" data-shadow=\"\" data-shd-shadow=\"\"  data-ultimate-target='#ubtn-3964'  data-responsive-json-new='{\"font-size\":\"\",\"line-height\":\"\"}'  style=\"font-weight:normal;width:200px;min-height:40px;padding:px px;border:none;background: #1e73be;color: #ffffff;\"><span class=\"ubtn-hover\" style=\"background-color:\"><\/span><span class=\"ubtn-data ubtn-text \" >FUSORE<\/span><\/button><\/a><\/div>[\/vc_column_inner][\/vc_row_inner][\/vc_column][\/vc_row]<\/p>\n","protected":false},"excerpt":{"rendered":"<p>[vc_row css=&#8221;.vc_custom_1568822573712{background-image: url(http:\/\/www.pressindustria.it\/wp-content\/uploads\/2019\/09\/ingra-1.png?id=1743) !important;background-position: center !important;background-repeat: no-repeat !important;background-size: cover !important;}&#8221; kswr_row_top_decor_enabled=&#8221;false&#8221; kswr_row_bottom_decor_enabled=&#8221;false&#8221;][vc_column][vc_empty_space height=&#8221;232px&#8221;][\/vc_column][\/vc_row][vc_row][vc_column][vc_column_text] TURBOEMULSORI [\/vc_column_text][vc_column_text]Turboemulsionatori TE3 sono stati progettati per soddisfare esigenze specifiche delle industrie cosmetiche, farmaceutiche e chimiche e permettono di ottenere prodotti di eccellente qualit\u00e0 e riproducibilit\u00e0, riducendo i costi operativi. Il serbatoio \u00e8 progettato per lavorare in condizioni atmosferiche standard, sotto pressione<\/p>\n","protected":false},"author":1,"featured_media":0,"parent":0,"menu_order":0,"comment_status":"closed","ping_status":"closed","template":"page-templates\/template-canvas.php","meta":{"_acf_changed":false,"_rtcl_gb_attr":"","footnotes":""},"class_list":["post-1571","page","type-page","status-publish","hentry"],"acf":[],"_links":{"self":[{"href":"https:\/\/www.pressindustria.it\/index.php?rest_route=\/wp\/v2\/pages\/1571","targetHints":{"allow":["GET"]}}],"collection":[{"href":"https:\/\/www.pressindustria.it\/index.php?rest_route=\/wp\/v2\/pages"}],"about":[{"href":"https:\/\/www.pressindustria.it\/index.php?rest_route=\/wp\/v2\/types\/page"}],"author":[{"embeddable":true,"href":"https:\/\/www.pressindustria.it\/index.php?rest_route=\/wp\/v2\/users\/1"}],"replies":[{"embeddable":true,"href":"https:\/\/www.pressindustria.it\/index.php?rest_route=%2Fwp%2Fv2%2Fcomments&post=1571"}],"version-history":[{"count":56,"href":"https:\/\/www.pressindustria.it\/index.php?rest_route=\/wp\/v2\/pages\/1571\/revisions"}],"predecessor-version":[{"id":2109,"href":"https:\/\/www.pressindustria.it\/index.php?rest_route=\/wp\/v2\/pages\/1571\/revisions\/2109"}],"wp:attachment":[{"href":"https:\/\/www.pressindustria.it\/index.php?rest_route=%2Fwp%2Fv2%2Fmedia&parent=1571"}],"curies":[{"name":"wp","href":"https:\/\/api.w.org\/{rel}","templated":true}]}}